{"id":3394,"date":"2017-04-18T08:54:58","date_gmt":"2017-04-18T06:54:58","guid":{"rendered":"http:\/\/www.sistelcontrol.es\/en\/?page_id=3394"},"modified":"2025-10-16T18:50:40","modified_gmt":"2025-10-16T16:50:40","slug":"services-and-solutions","status":"publish","type":"page","link":"https:\/\/www.sistelcontrol.es\/en\/company\/services-and-solutions\/","title":{"rendered":"Services &#038; Solutions"},"content":{"rendered":"<p>[vc_row row_type=&#8221;row_full_center_content&#8221; margin_top=&#8221;-119&#8243;][vc_column width=&#8221;1\/2&#8243;]\n\t<div class=\"wpb_content_element featured-box \" >\n\t\t\t<div class=\"featured-box-thumb\"><a title=\"\" target=\"\" href=\"#servicios\"><img decoding=\"async\" src=\"https:\/\/www.sistelcontrol.es\/wp-content\/uploads\/2016\/09\/satisfaccion-al-cliente-planeamiento-estrategico-empresa-negocios-reunion-600x300.jpg\"><\/a>\n\t\t\t<\/div>\n\t\t\t<div class=\"featured-box-content\"><h4>SERVICES<\/h4>\n\t\t\t<\/div>\n\t<\/div>[vc_column_text]<\/p>\n<p style=\"text-align: justify;\">The activities of SistelCONTROL are aimed at satisfying the needs of automation that our clients have in order to be able to implant systems of advanced control in its facilities and to assure the return of the realized investment.<\/p>\n<p>[\/vc_column_text][\/vc_column][vc_column width=&#8221;1\/2&#8243;]\n\t<div class=\"wpb_content_element featured-box \" >\n\t\t\t<div class=\"featured-box-thumb\"><a title=\"\" target=\"\" href=\"#soluciones\"><img decoding=\"async\" src=\"https:\/\/www.sistelcontrol.es\/wp-content\/uploads\/2016\/09\/cuadros-electricos-industriales-600x300.jpg\"><\/a>\n\t\t\t<\/div>\n\t\t\t<div class=\"featured-box-content\"><h4>SOLUTIONS<\/h4>\n\t\t\t<\/div>\n\t<\/div>[vc_column_text]<\/p>\n<p style=\"text-align: justify;\">Our solution is adapted to the needs of the clients to the application of working procedures that we have implanted in our company and to the technology of automation that we use to develop the applications of control.<\/p>\n<p>[\/vc_column_text][\/vc_column][\/vc_row][vc_row row_id=&#8221;servicios&#8221; row_type=&#8221;row_full_center_content&#8221;][vc_column width=&#8221;1\/3&#8243;]\n\t<div class=\"iconbox-wrapper  text-center\">\n\t\t<div class=\"iconbox-icon\">\n\t\t\t\t<i class=\"fa fa-cogs primary\" style=\"font-size:80px;\"><\/i>\n\t\t<\/div>\n\t\t<h4 class=\"iconbox-heading\">DESIGN OF THE CONTROL SYSTEM\n\t\t<\/h4>\n\t\t\t<div class=\"iconbox-desc\">\n\t\t\t\t<p>Basic design engineering that meets functional specifications and design specifications<\/p>\n\t\t\t<\/div>\n\t<\/div>[\/vc_column][vc_column width=&#8221;1\/3&#8243;]\n\t<div class=\"iconbox-wrapper  text-center\">\n\t\t<div class=\"iconbox-icon\">\n\t\t\t\t<i class=\"fa fa-rocket primary\" style=\"font-size:80px;\"><\/i>\n\t\t<\/div>\n\t\t<h4 class=\"iconbox-heading\">PROJECT DEVELOPMENT\n\t\t<\/h4>\n\t\t\t<div class=\"iconbox-desc\">\n\t\t\t\t<p>Implantation of advanced control systems in the facilities of our clients to ensure the return of the investment made<\/p>\n\t\t\t<\/div>\n\t<\/div>[\/vc_column][vc_column width=&#8221;1\/3&#8243;]\n\t<div class=\"iconbox-wrapper  text-center\">\n\t\t<div class=\"iconbox-icon\">\n\t\t\t\t<i class=\"fa fa-life-bouy primary\" style=\"font-size:80px;\"><\/i>\n\t\t<\/div>\n\t\t<h4 class=\"iconbox-heading\">CUSTOMER SUPPORT SERVICE\n\t\t<\/h4>\n\t\t\t<div class=\"iconbox-desc\">\n\t\t\t\t<p>24 x 7 maintenance service and monitoring of the MIC control infrastructures implemented in our clients<\/p>\n\t\t\t<\/div>\n\t<\/div>[\/vc_column][\/vc_row][vc_row row_type=&#8221;row_full_center_content&#8221;][vc_column][vc_column_text]<\/p>\n<p style=\"text-align: justify;\">The activities of SistelCONTROL are aimed at satisfying the needs of automation that our clients have in order to be able to implant systems of advanced control in its facilities and to assure the return of the realized investment. We offer solutions that adapt to the needs of the client, for the knowledge of the sector, work procedures and applied technology. We know the applicable regulations of the life science sector in which the traceability and electronic signature regulations (21 CFR Part 11) are mandatory for qualifying systems (GMP). The working procedures developed in Sistel Control are based on the GaMP guidelines established by the FDA.<\/p>\n<p>[\/vc_column_text][\/vc_column][\/vc_row][vc_row row_type=&#8221;row_full_center_content&#8221;][vc_column width=&#8221;1\/3&#8243;]\n\t<div class=\"iconbox-wrapper \">\n\t\t\t<div class=\"iconbox-image\">\n\t\t\t\t<img decoding=\"async\" src=\"https:\/\/www.sistelcontrol.es\/wp-content\/uploads\/2016\/09\/cuadroelec-283x200.jpg\">\n\t\t\t<\/div>\n\t\t<h4 class=\"iconbox-heading\">DESIGN OF THE CONTROL SYSTEM\n\t\t<\/h4>\n\t<\/div>[vc_column_text]<\/p>\n<ul>\n<li style=\"text-align: justify;\">Basic design engineering.<\/li>\n<li style=\"text-align: justify;\">Functional specifications.<\/li>\n<li style=\"text-align: justify;\">Design specifications.<\/li>\n<\/ul>\n<p style=\"text-align: justify;\">In SistelCONTROL we understand as a control system the set of devices responsible for managing, ordering, directing or regulating the behavior of another system, in order to reduce the probability of failure and obtain the desired results. We use industrial control systems in industrial production processes to control equipment or machines.<\/p>\n<p>[\/vc_column_text][\/vc_column][vc_column width=&#8221;1\/3&#8243;]\n\t<div class=\"iconbox-wrapper \">\n\t\t\t<div class=\"iconbox-image\">\n\t\t\t\t<img decoding=\"async\" src=\"https:\/\/www.sistelcontrol.es\/wp-content\/uploads\/2016\/09\/planos-400x200.jpg\">\n\t\t\t<\/div>\n\t\t<h4 class=\"iconbox-heading\">PROJECT DEVELOPMENT\n\t\t<\/h4>\n\t<\/div>[vc_column_text]<\/p>\n<ul>\n<li>Programming PLC \/ HMI systems.<\/li>\n<li>Scada programming.<\/li>\n<li>Programming MES systems.<\/li>\n<li>Production management.<\/li>\n<li>Storage and traceability.<\/li>\n<li>FAT.<\/li>\n<li>Installation of the system.<\/li>\n<li>Implementation of the SAT project.<\/li>\n<li>Validation IQ OQ.<\/li>\n<li>Training of operators and users.<\/li>\n<\/ul>\n<p>[\/vc_column_text][\/vc_column][vc_column width=&#8221;1\/3&#8243;]\n\t<div class=\"iconbox-wrapper \">\n\t\t\t<div class=\"iconbox-image\">\n\t\t\t\t<img decoding=\"async\" src=\"https:\/\/www.sistelcontrol.es\/wp-content\/uploads\/2016\/09\/actividades_XS-400x200.jpg\">\n\t\t\t<\/div>\n\t\t<h4 class=\"iconbox-heading\">CUSTOMER SUPPORT SERVICE\n\t\t<\/h4>\n\t<\/div>[vc_column_text]<\/p>\n<ul>\n<li style=\"text-align: justify;\">24 x 7 maintenance service.<\/li>\n<li style=\"text-align: justify;\">Monitoring of MIC control infrastructures.<\/li>\n<\/ul>\n<p style=\"text-align: justify;\">Given the current business requirements, the need to monitor servers to detect possible failures in their services is born and to take appropriate actions to avoid them. Maintaining a system with the fewest incidents possible requires a reliable and efficient monitoring system.<\/p>\n<p>[\/vc_column_text][\/vc_column][\/vc_row][vc_row row_type=&#8221;row_full_center_content&#8221;][vc_column][vc_column_text]<\/p>\n<p style=\"text-align: justify;\">SistelCONTROL offers solutions based on HVAC automation, white room monitoring, automation and updating in stand-alone equipment, cleaning systems (CIP) and sterilization, PW and WFI water treatment, batch process control according to S88 and MES systems.<\/p>\n<p>[\/vc_column_text][\/vc_column][\/vc_row][vc_row row_id=&#8221;soluciones&#8221; row_type=&#8221;row_full_center_content&#8221;][vc_column width=&#8221;1\/3&#8243;]\n\t<div class=\"iconbox-wrapper  text-center\">\n\t\t<div class=\"iconbox-icon\">\n\t\t\t\t<i class=\"fa fa-cog primary\" style=\"font-size:80px;\"><\/i>\n\t\t<\/div>\n\t\t<h4 class=\"iconbox-heading\">PROCESS CONTROL\n\t\t<\/h4>\n\t<\/div>[vc_column_text]<\/p>\n<ul>\n<li>In reactors manufacturing creams, gels, solutions and suspensions.<\/li>\n<li>Cleaning systems (CIP) and sterilization (SIP).<\/li>\n<li>Flexible process control according to S88.<\/li>\n<\/ul>\n<p>[\/vc_column_text][\/vc_column][vc_column width=&#8221;1\/3&#8243;]\n\t<div class=\"iconbox-wrapper  text-center\">\n\t\t<div class=\"iconbox-icon\">\n\t\t\t\t<i class=\"fa fa-tasks primary\" style=\"font-size:80px;\"><\/i>\n\t\t<\/div>\n\t\t<h4 class=\"iconbox-heading\">MANUFACTURING EXECUTION SYSTEM\n\t\t<\/h4>\n\t<\/div>[vc_column_text]<\/p>\n<ul>\n<li>Management of production recipes, traceability and product genealogy.<\/li>\n<li>Weighing control systems.<\/li>\n<li>Implementation of OEE and KPI efficiency improvement systems.<\/li>\n<li>System for monitoring consumption and improving energy efficiency<\/li>\n<\/ul>\n<p>[\/vc_column_text][\/vc_column][vc_column width=&#8221;1\/3&#8243;]\n\t<div class=\"iconbox-wrapper  text-center\">\n\t\t<div class=\"iconbox-icon\">\n\t\t\t\t<i class=\"fa fa-steam primary\" style=\"font-size:80px;\"><\/i>\n\t\t<\/div>\n\t\t<h4 class=\"iconbox-heading\">SYSTEM AUTOMATION TECHNOLOGIES\n\t\t<\/h4>\n\t<\/div>[vc_column_text]<\/p>\n<ul>\n<li>PLC + HMI<\/li>\n<li>PLC + SCADA+ Historian<\/li>\n<li>PLC + SCADA + Batch package with ISA 88 compliant<\/li>\n<li>DCS<\/li>\n<\/ul>\n<p>[\/vc_column_text][\/vc_column][\/vc_row][vc_row row_type=&#8221;row_full_center_content&#8221;][vc_column width=&#8221;1\/3&#8243;]\n\t<div class=\"iconbox-wrapper  text-center\">\n\t\t<div class=\"iconbox-icon\">\n\t\t\t\t<i class=\"fa fa-tint primary\" style=\"font-size:80px;\"><\/i>\n\t\t<\/div>\n\t\t<h4 class=\"iconbox-heading\">AUTOMATION OF WATER DISTRIBUTION SYSTEMS\n\t\t<\/h4>\n\t<\/div>[vc_column_text]<\/p>\n<ul>\n<li>Plants of water, Distillers and generators of pure steam.<\/li>\n<li>Purified water (PW) and water quality injectable (WFI).<\/li>\n<\/ul>\n<p>[\/vc_column_text][\/vc_column][vc_column width=&#8221;1\/3&#8243;]\n\t<div class=\"iconbox-wrapper  text-center\">\n\t\t<div class=\"iconbox-icon\">\n\t\t\t\t<i class=\"fa fa-desktop primary\" style=\"font-size:80px;\"><\/i>\n\t\t<\/div>\n\t\t<h4 class=\"iconbox-heading\">HVAC AUTOMATION AND MONITORING WHITE ROOMS\n\t\t<\/h4>\n\t<\/div>[vc_column_text]<\/p>\n<ul>\n<li>HVAC control and monitoring of environmental conditions for Salas Blancas.<\/li>\n<li>Room decontamination and disinfection systems.<\/li>\n<li>Particle counting systems.<\/li>\n<li>T \/ HR monitoring in refrigerators, stoves, incubators and climatic chambers.<\/li>\n<li>Automation of heavy cabins, insulators, emission control.<\/li>\n<\/ul>\n<p>[\/vc_column_text][\/vc_column][vc_column width=&#8221;1\/3&#8243;]\n\t<div class=\"iconbox-wrapper  text-center\">\n\t\t<div class=\"iconbox-icon\">\n\t\t\t\t<i class=\"fa fa-undo primary\" style=\"font-size:80px;\"><\/i>\n\t\t<\/div>\n\t\t<h4 class=\"iconbox-heading\">UPGRADE STAND-ALONE EQUIPMENT\n\t\t<\/h4>\n\t<\/div>[vc_column_text]<\/p>\n<ul>\n<li>Control of process equipment: Autoclaves, Ovens, Washing.<\/li>\n<li>Control of production equipment Lyophilizers, coating.<\/li>\n<li>Control of dosing equipment<\/li>\n<\/ul>\n<p>[\/vc_column_text][\/vc_column][\/vc_row][vc_row row_type=&#8221;row_full_center_content&#8221;][vc_column width=&#8221;1\/2&#8243;]\n\t<div class=\"iconbox-wrapper \">\n\t\t\t<div class=\"iconbox-image\">\n\t\t\t\t<img decoding=\"async\" src=\"https:\/\/www.sistelcontrol.es\/wp-content\/uploads\/2016\/09\/monitorizacionparticulas-400x200.jpg\">\n\t\t\t<\/div>\n\t\t<h4 class=\"iconbox-heading\">PARTICLE MONITORING SYSTEM\n\t\t<\/h4>\n\t<\/div>[vc_column_text]<\/p>\n<p style=\"text-align: justify;\">SistelCONTROL offers non-viable continuous monitoring and counting solutions for classified zones (A, B, C, D) in pharmaceutical laboratories.<\/p>\n<p style=\"text-align: justify;\">The system can integrate the different particle counters on the market. The monitoring system allows the visualization of the counter status, the particle values in real time, manage alarms and generate process reports.<\/p>\n<p style=\"text-align: justify;\">The system allows to integrate environmental probes and to have several viewing stations. Monitoring software includes IQ (installation qualification) and OQ (operational qualification) protocols. Our development procedures based on rigorous standards such as GAMP Quality Risk Management, we also have ISO 9001 certification.<\/p>\n<p>[\/vc_column_text][\/vc_column][vc_column width=&#8221;1\/2&#8243;]\n\t<div class=\"iconbox-wrapper \">\n\t\t\t<div class=\"iconbox-image\">\n\t\t\t\t<img decoding=\"async\" src=\"https:\/\/www.sistelcontrol.es\/wp-content\/uploads\/2016\/09\/batch_operator-400x200.jpg\">\n\t\t\t<\/div>\n\t\t<h4 class=\"iconbox-heading\">CONTROL BATCH\n\t\t<\/h4>\n\t<\/div>[vc_column_text]<\/p>\n<p style=\"text-align: justify;\">In a batch process, a sequence of chained operations is executed. Each of which is controlled by one or more phases that perform simple functions such as water loading, addition, stirring, heating, cooling, mixing, etc.<\/p>\n<p style=\"text-align: justify;\">In the batch management system, the operator can select, after authorization, the production recipe, the formula and execute in automatic or manual mode the different operating sequences.<\/p>\n<p style=\"text-align: justify;\">El sistema de control Batch es un sistema de control de procesos de producci\u00f3n por lotes cuyo est\u00e1ndar queda definido en la normativa S88. Se basa en la ejecuci\u00f3n de una receta de producci\u00f3n, garantizando la trazabilidad y seguridad del sistema.<\/p>\n<p>[\/vc_column_text][\/vc_column][\/vc_row]<\/p>\n","protected":false},"excerpt":{"rendered":"<p>[vc_row row_type=&#8221;row_full_center_content&#8221; margin_top=&#8221;-119&#8243;][vc_column width=&#8221;1\/2&#8243;][vc_column_text] The activities of SistelCONTROL are aimed at satisfying the needs of automation that our clients have in &#8230;<\/p>\n","protected":false},"author":2,"featured_media":3260,"parent":3381,"menu_order":0,"comment_status":"closed","ping_status":"closed","template":"","meta":{"_exactmetrics_skip_tracking":false,"_exactmetrics_sitenote_active":false,"_exactmetrics_sitenote_note":"","_exactmetrics_sitenote_category":0,"footnotes":""},"class_list":["post-3394","page","type-page","status-publish","has-post-thumbnail","hentry"],"yoast_head":"<!-- This site is optimized with the Yoast SEO plugin v27.1.1 - https:\/\/yoast.com\/product\/yoast-seo-wordpress\/ -->\n<title>SistelCONTROL | Services and Solutions<\/title>\n<meta name=\"description\" content=\"Activities, services and solutions of SistelCONTROL.\" \/>\n<meta name=\"robots\" content=\"index, follow, max-snippet:-1, max-image-preview:large, max-video-preview:-1\" \/>\n<link rel=\"canonical\" href=\"https:\/\/www.sistelcontrol.es\/en\/company\/services-and-solutions\/\" \/>\n<meta property=\"og:locale\" content=\"en_US\" \/>\n<meta property=\"og:type\" content=\"article\" \/>\n<meta property=\"og:title\" content=\"SistelCONTROL | Services and Solutions\" \/>\n<meta property=\"og:description\" content=\"Activities, services and solutions of SistelCONTROL.\" \/>\n<meta property=\"og:url\" content=\"https:\/\/www.sistelcontrol.es\/en\/company\/services-and-solutions\/\" \/>\n<meta property=\"og:site_name\" content=\"SistelCONTROL\" \/>\n<meta property=\"article:modified_time\" content=\"2025-10-16T16:50:40+00:00\" \/>\n<meta property=\"og:image\" content=\"https:\/\/www.sistelcontrol.es\/wp-content\/uploads\/2016\/09\/planta-1.jpg\" \/>\n\t<meta property=\"og:image:width\" content=\"1688\" \/>\n\t<meta property=\"og:image:height\" content=\"1125\" \/>\n\t<meta property=\"og:image:type\" content=\"image\/jpeg\" \/>\n<meta name=\"twitter:card\" content=\"summary_large_image\" \/>\n<meta name=\"twitter:label1\" content=\"Est. reading time\" \/>\n\t<meta name=\"twitter:data1\" content=\"1 minute\" \/>\n<script type=\"application\/ld+json\" class=\"yoast-schema-graph\">{\"@context\":\"https:\/\/schema.org\",\"@graph\":[{\"@type\":\"WebPage\",\"@id\":\"https:\/\/www.sistelcontrol.es\/en\/company\/services-and-solutions\/\",\"url\":\"https:\/\/www.sistelcontrol.es\/en\/company\/services-and-solutions\/\",\"name\":\"SistelCONTROL | Services and Solutions\",\"isPartOf\":{\"@id\":\"https:\/\/www.sistelcontrol.es\/#website\"},\"primaryImageOfPage\":{\"@id\":\"https:\/\/www.sistelcontrol.es\/en\/company\/services-and-solutions\/#primaryimage\"},\"image\":{\"@id\":\"https:\/\/www.sistelcontrol.es\/en\/company\/services-and-solutions\/#primaryimage\"},\"thumbnailUrl\":\"https:\/\/www.sistelcontrol.es\/wp-content\/uploads\/2016\/09\/planta-1.jpg\",\"datePublished\":\"2017-04-18T06:54:58+00:00\",\"dateModified\":\"2025-10-16T16:50:40+00:00\",\"description\":\"Activities, services and solutions of SistelCONTROL.\",\"breadcrumb\":{\"@id\":\"https:\/\/www.sistelcontrol.es\/en\/company\/services-and-solutions\/#breadcrumb\"},\"inLanguage\":\"en-US\",\"potentialAction\":[{\"@type\":\"ReadAction\",\"target\":[\"https:\/\/www.sistelcontrol.es\/en\/company\/services-and-solutions\/\"]}]},{\"@type\":\"ImageObject\",\"inLanguage\":\"en-US\",\"@id\":\"https:\/\/www.sistelcontrol.es\/en\/company\/services-and-solutions\/#primaryimage\",\"url\":\"https:\/\/www.sistelcontrol.es\/wp-content\/uploads\/2016\/09\/planta-1.jpg\",\"contentUrl\":\"https:\/\/www.sistelcontrol.es\/wp-content\/uploads\/2016\/09\/planta-1.jpg\",\"width\":1688,\"height\":1125,\"caption\":\"SistelCONTROL | Planta\"},{\"@type\":\"BreadcrumbList\",\"@id\":\"https:\/\/www.sistelcontrol.es\/en\/company\/services-and-solutions\/#breadcrumb\",\"itemListElement\":[{\"@type\":\"ListItem\",\"position\":1,\"name\":\"Inicio\",\"item\":\"https:\/\/www.sistelcontrol.es\/en\/\"},{\"@type\":\"ListItem\",\"position\":2,\"name\":\"Company\",\"item\":\"https:\/\/www.sistelcontrol.es\/en\/company\/\"},{\"@type\":\"ListItem\",\"position\":3,\"name\":\"Services &#038; Solutions\"}]},{\"@type\":\"WebSite\",\"@id\":\"https:\/\/www.sistelcontrol.es\/#website\",\"url\":\"https:\/\/www.sistelcontrol.es\/\",\"name\":\"SistelCONTROL\",\"description\":\"Systems Integration Co.\",\"potentialAction\":[{\"@type\":\"SearchAction\",\"target\":{\"@type\":\"EntryPoint\",\"urlTemplate\":\"https:\/\/www.sistelcontrol.es\/?s={search_term_string}\"},\"query-input\":{\"@type\":\"PropertyValueSpecification\",\"valueRequired\":true,\"valueName\":\"search_term_string\"}}],\"inLanguage\":\"en-US\"}]}<\/script>\n<!-- \/ Yoast SEO plugin. -->","yoast_head_json":{"title":"SistelCONTROL | Services and Solutions","description":"Activities, services and solutions of SistelCONTROL.","robots":{"index":"index","follow":"follow","max-snippet":"max-snippet:-1","max-image-preview":"max-image-preview:large","max-video-preview":"max-video-preview:-1"},"canonical":"https:\/\/www.sistelcontrol.es\/en\/company\/services-and-solutions\/","og_locale":"en_US","og_type":"article","og_title":"SistelCONTROL | Services and Solutions","og_description":"Activities, services and solutions of SistelCONTROL.","og_url":"https:\/\/www.sistelcontrol.es\/en\/company\/services-and-solutions\/","og_site_name":"SistelCONTROL","article_modified_time":"2025-10-16T16:50:40+00:00","og_image":[{"width":1688,"height":1125,"url":"https:\/\/www.sistelcontrol.es\/wp-content\/uploads\/2016\/09\/planta-1.jpg","type":"image\/jpeg"}],"twitter_card":"summary_large_image","twitter_misc":{"Est. reading time":"1 minute"},"schema":{"@context":"https:\/\/schema.org","@graph":[{"@type":"WebPage","@id":"https:\/\/www.sistelcontrol.es\/en\/company\/services-and-solutions\/","url":"https:\/\/www.sistelcontrol.es\/en\/company\/services-and-solutions\/","name":"SistelCONTROL | Services and Solutions","isPartOf":{"@id":"https:\/\/www.sistelcontrol.es\/#website"},"primaryImageOfPage":{"@id":"https:\/\/www.sistelcontrol.es\/en\/company\/services-and-solutions\/#primaryimage"},"image":{"@id":"https:\/\/www.sistelcontrol.es\/en\/company\/services-and-solutions\/#primaryimage"},"thumbnailUrl":"https:\/\/www.sistelcontrol.es\/wp-content\/uploads\/2016\/09\/planta-1.jpg","datePublished":"2017-04-18T06:54:58+00:00","dateModified":"2025-10-16T16:50:40+00:00","description":"Activities, services and solutions of SistelCONTROL.","breadcrumb":{"@id":"https:\/\/www.sistelcontrol.es\/en\/company\/services-and-solutions\/#breadcrumb"},"inLanguage":"en-US","potentialAction":[{"@type":"ReadAction","target":["https:\/\/www.sistelcontrol.es\/en\/company\/services-and-solutions\/"]}]},{"@type":"ImageObject","inLanguage":"en-US","@id":"https:\/\/www.sistelcontrol.es\/en\/company\/services-and-solutions\/#primaryimage","url":"https:\/\/www.sistelcontrol.es\/wp-content\/uploads\/2016\/09\/planta-1.jpg","contentUrl":"https:\/\/www.sistelcontrol.es\/wp-content\/uploads\/2016\/09\/planta-1.jpg","width":1688,"height":1125,"caption":"SistelCONTROL | Planta"},{"@type":"BreadcrumbList","@id":"https:\/\/www.sistelcontrol.es\/en\/company\/services-and-solutions\/#breadcrumb","itemListElement":[{"@type":"ListItem","position":1,"name":"Inicio","item":"https:\/\/www.sistelcontrol.es\/en\/"},{"@type":"ListItem","position":2,"name":"Company","item":"https:\/\/www.sistelcontrol.es\/en\/company\/"},{"@type":"ListItem","position":3,"name":"Services &#038; Solutions"}]},{"@type":"WebSite","@id":"https:\/\/www.sistelcontrol.es\/#website","url":"https:\/\/www.sistelcontrol.es\/","name":"SistelCONTROL","description":"Systems Integration Co.","potentialAction":[{"@type":"SearchAction","target":{"@type":"EntryPoint","urlTemplate":"https:\/\/www.sistelcontrol.es\/?s={search_term_string}"},"query-input":{"@type":"PropertyValueSpecification","valueRequired":true,"valueName":"search_term_string"}}],"inLanguage":"en-US"}]}},"_links":{"self":[{"href":"https:\/\/www.sistelcontrol.es\/en\/wp-json\/wp\/v2\/pages\/3394","targetHints":{"allow":["GET"]}}],"collection":[{"href":"https:\/\/www.sistelcontrol.es\/en\/wp-json\/wp\/v2\/pages"}],"about":[{"href":"https:\/\/www.sistelcontrol.es\/en\/wp-json\/wp\/v2\/types\/page"}],"author":[{"embeddable":true,"href":"https:\/\/www.sistelcontrol.es\/en\/wp-json\/wp\/v2\/users\/2"}],"replies":[{"embeddable":true,"href":"https:\/\/www.sistelcontrol.es\/en\/wp-json\/wp\/v2\/comments?post=3394"}],"version-history":[{"count":1,"href":"https:\/\/www.sistelcontrol.es\/en\/wp-json\/wp\/v2\/pages\/3394\/revisions"}],"predecessor-version":[{"id":4148,"href":"https:\/\/www.sistelcontrol.es\/en\/wp-json\/wp\/v2\/pages\/3394\/revisions\/4148"}],"up":[{"embeddable":true,"href":"https:\/\/www.sistelcontrol.es\/en\/wp-json\/wp\/v2\/pages\/3381"}],"wp:featuredmedia":[{"embeddable":true,"href":"https:\/\/www.sistelcontrol.es\/en\/wp-json\/wp\/v2\/media\/3260"}],"wp:attachment":[{"href":"https:\/\/www.sistelcontrol.es\/en\/wp-json\/wp\/v2\/media?parent=3394"}],"curies":[{"name":"wp","href":"https:\/\/api.w.org\/{rel}","templated":true}]}}